{"id":11378,"date":"2021-02-24T10:57:12","date_gmt":"2021-02-24T09:57:12","guid":{"rendered":"https:\/\/www.groupe-lefebvre.fr\/our-certificates\/"},"modified":"2024-01-09T14:09:22","modified_gmt":"2024-01-09T13:09:22","slug":"nos-certifications","status":"publish","type":"page","link":"https:\/\/groupe-lefebvre.fr\/en\/our-certificates\/","title":{"rendered":"Our certificates"},"content":{"rendered":"\t\t<div data-elementor-type=\"wp-page\" data-elementor-id=\"11378\" class=\"elementor elementor-11378 elementor-711\">\n\t\t\t\t\t\t<section class=\"elementor-section elementor-top-section elementor-element elementor-element-850e548 elementor-section-boxed elementor-section-height-default elementor-section-height-default\" data-id=\"850e548\" data-element_type=\"section\">\n\t\t\t\t\t\t<div class=\"elementor-container elementor-column-gap-default\">\n\t\t\t\t\t<div class=\"elementor-column elementor-col-100 elementor-top-column elementor-element elementor-element-a48bd42\" data-id=\"a48bd42\" data-element_type=\"column\">\n\t\t\t<div class=\"elementor-widget-wrap elementor-element-populated\">\n\t\t\t\t\t\t<div class=\"elementor-element elementor-element-86704d4 elementor-widget elementor-widget-text-editor\" data-id=\"86704d4\" data-element_type=\"widget\" data-widget_type=\"text-editor.default\">\n\t\t\t\t<div class=\"elementor-widget-container\">\n\t\t\t\t\t\t\t\t\t<h2>Our dedication<\/h2>\n<div> <\/div>\n<p>For decades, the LEFEBVRE GROUP has produced beech-based products that come from forests managed in a responsible manner. We put stringent requirements on ourselves and are audited on a regular basis.<\/p>\n<p>We ensure that <strong>sustainable forest practices<\/strong> are in place to balance the social, environmental and economic functions of the forest. 100% of our logs originate from sustainably managed forests.<\/p>\n\t\t\t\t\t\t\t\t<\/div>\n\t\t\t\t<\/div>\n\t\t\t\t\t<\/div>\n\t\t<\/div>\n\t\t\t\t\t<\/div>\n\t\t<\/section>\n\t\t\t\t<section class=\"elementor-section elementor-top-section elementor-element elementor-element-2cf15d4 elementor-section-boxed elementor-section-height-default elementor-section-height-default\" data-id=\"2cf15d4\" data-element_type=\"section\">\n\t\t\t\t\t\t<div class=\"elementor-container elementor-column-gap-default\">\n\t\t\t\t\t<div class=\"elementor-column elementor-col-50 elementor-top-column elementor-element elementor-element-466709b\" data-id=\"466709b\" data-element_type=\"column\">\n\t\t\t<div class=\"elementor-widget-wrap elementor-element-populated\">\n\t\t\t\t\t\t<div class=\"elementor-element elementor-element-4ab724a elementor-widget-divider--view-line elementor-widget elementor-widget-divider\" data-id=\"4ab724a\" data-element_type=\"widget\" data-widget_type=\"divider.default\">\n\t\t\t\t<div class=\"elementor-widget-container\">\n\t\t\t\t\t\t\t<div class=\"elementor-divider\">\n\t\t\t<span class=\"elementor-divider-separator\">\n\t\t\t\t\t\t<\/span>\n\t\t<\/div>\n\t\t\t\t\t\t<\/div>\n\t\t\t\t<\/div>\n\t\t\t\t<div class=\"elementor-element elementor-element-2ebd6ed elementor-widget elementor-widget-text-editor\" data-id=\"2ebd6ed\" data-element_type=\"widget\" data-widget_type=\"text-editor.default\">\n\t\t\t\t<div class=\"elementor-widget-container\">\n\t\t\t\t\t\t\t\t\t<h2>PEFC<\/h2>\n<div>The Lefebvre Group holds the <b>PEFC certification<\/b>, which attests to the certification of sustainable standards.<br \/>This means that we are constantly implementing a chain of custody, ensuring the tracking throughout the whole travel of the wood.<br \/>The accreditation of these chains demonstrates that we are adhering to the set of requirements as well as the charter&#8217;s conditions for <b>sustainable forest management<\/b>.<\/div>\n\t\t\t\t\t\t\t\t<\/div>\n\t\t\t\t<\/div>\n\t\t\t\t\t<\/div>\n\t\t<\/div>\n\t\t\t\t<div class=\"elementor-column elementor-col-50 elementor-top-column elementor-element elementor-element-039f72d\" data-id=\"039f72d\" data-element_type=\"column\">\n\t\t\t<div class=\"elementor-widget-wrap elementor-element-populated\">\n\t\t\t\t\t\t<div class=\"elementor-element elementor-element-9f223f1 elementor-widget elementor-widget-spacer\" data-id=\"9f223f1\" data-element_type=\"widget\" data-widget_type=\"spacer.default\">\n\t\t\t\t<div class=\"elementor-widget-container\">\n\t\t\t\t\t\t\t<div class=\"elementor-spacer\">\n\t\t\t<div class=\"elementor-spacer-inner\"><\/div>\n\t\t<\/div>\n\t\t\t\t\t\t<\/div>\n\t\t\t\t<\/div>\n\t\t\t\t<div class=\"elementor-element elementor-element-5178e4f elementor-widget elementor-widget-image\" data-id=\"5178e4f\" data-element_type=\"widget\" data-widget_type=\"image.default\">\n\t\t\t\t<div class=\"elementor-widget-container\">\n\t\t\t\t\t\t\t\t\t\t\t\t\t\t\t<img fetchpriority=\"high\" decoding=\"async\" width=\"300\" height=\"177\" src=\"https:\/\/groupe-lefebvre.fr\/wp-content\/uploads\/2021\/02\/pefc-logo-300x177.png\" class=\"attachment-medium size-medium wp-image-11010\" alt=\"\" srcset=\"https:\/\/groupe-lefebvre.fr\/wp-content\/uploads\/2021\/02\/pefc-logo-300x177.png 300w, https:\/\/groupe-lefebvre.fr\/wp-content\/uploads\/2021\/02\/pefc-logo-1024x603.png 1024w, https:\/\/groupe-lefebvre.fr\/wp-content\/uploads\/2021\/02\/pefc-logo-768x452.png 768w, https:\/\/groupe-lefebvre.fr\/wp-content\/uploads\/2021\/02\/pefc-logo-1536x904.png 1536w, https:\/\/groupe-lefebvre.fr\/wp-content\/uploads\/2021\/02\/pefc-logo-2048x1206.png 2048w\" sizes=\"(max-width: 300px) 100vw, 300px\" \/>\t\t\t\t\t\t\t\t\t\t\t\t\t\t\t<\/div>\n\t\t\t\t<\/div>\n\t\t\t\t\t<\/div>\n\t\t<\/div>\n\t\t\t\t\t<\/div>\n\t\t<\/section>\n\t\t\t\t<section class=\"elementor-section elementor-top-section elementor-element elementor-element-5cafc64 elementor-section-boxed elementor-section-height-default elementor-section-height-default\" data-id=\"5cafc64\" data-element_type=\"section\">\n\t\t\t\t\t\t<div class=\"elementor-container elementor-column-gap-default\">\n\t\t\t\t\t<div class=\"elementor-column elementor-col-50 elementor-top-column elementor-element elementor-element-efbf51c\" data-id=\"efbf51c\" data-element_type=\"column\">\n\t\t\t<div class=\"elementor-widget-wrap elementor-element-populated\">\n\t\t\t\t\t\t<div class=\"elementor-element elementor-element-17a2b0e elementor-widget elementor-widget-spacer\" data-id=\"17a2b0e\" data-element_type=\"widget\" data-widget_type=\"spacer.default\">\n\t\t\t\t<div class=\"elementor-widget-container\">\n\t\t\t\t\t\t\t<div class=\"elementor-spacer\">\n\t\t\t<div class=\"elementor-spacer-inner\"><\/div>\n\t\t<\/div>\n\t\t\t\t\t\t<\/div>\n\t\t\t\t<\/div>\n\t\t\t\t<div class=\"elementor-element elementor-element-bae741b elementor-widget elementor-widget-image\" data-id=\"bae741b\" data-element_type=\"widget\" data-widget_type=\"image.default\">\n\t\t\t\t<div class=\"elementor-widget-container\">\n\t\t\t\t\t\t\t\t\t\t\t\t\t\t\t<img decoding=\"async\" width=\"300\" height=\"132\" data-src=\"https:\/\/groupe-lefebvre.fr\/wp-content\/uploads\/2021\/02\/FSC_C107870_Promotional_with_text_Landscape_GreenOnWhite_r_82AnXA-300x132.jpeg\" class=\"attachment-medium size-medium wp-image-11029 lazyload\" alt=\"\" data-srcset=\"https:\/\/groupe-lefebvre.fr\/wp-content\/uploads\/2021\/02\/FSC_C107870_Promotional_with_text_Landscape_GreenOnWhite_r_82AnXA-300x132.jpeg 300w, https:\/\/groupe-lefebvre.fr\/wp-content\/uploads\/2021\/02\/FSC_C107870_Promotional_with_text_Landscape_GreenOnWhite_r_82AnXA-768x338.jpeg 768w, https:\/\/groupe-lefebvre.fr\/wp-content\/uploads\/2021\/02\/FSC_C107870_Promotional_with_text_Landscape_GreenOnWhite_r_82AnXA.jpeg 1024w\" data-sizes=\"(max-width: 300px) 100vw, 300px\" src=\"data:image\/gif;base64,R0lGODlhAQABAAAAACH5BAEKAAEALAAAAAABAAEAAAICTAEAOw==\" style=\"--smush-placeholder-width: 300px; --smush-placeholder-aspect-ratio: 300\/132;\" \/><noscript><img decoding=\"async\" width=\"300\" height=\"132\" src=\"https:\/\/groupe-lefebvre.fr\/wp-content\/uploads\/2021\/02\/FSC_C107870_Promotional_with_text_Landscape_GreenOnWhite_r_82AnXA-300x132.jpeg\" class=\"attachment-medium size-medium wp-image-11029\" alt=\"\" srcset=\"https:\/\/groupe-lefebvre.fr\/wp-content\/uploads\/2021\/02\/FSC_C107870_Promotional_with_text_Landscape_GreenOnWhite_r_82AnXA-300x132.jpeg 300w, https:\/\/groupe-lefebvre.fr\/wp-content\/uploads\/2021\/02\/FSC_C107870_Promotional_with_text_Landscape_GreenOnWhite_r_82AnXA-768x338.jpeg 768w, https:\/\/groupe-lefebvre.fr\/wp-content\/uploads\/2021\/02\/FSC_C107870_Promotional_with_text_Landscape_GreenOnWhite_r_82AnXA.jpeg 1024w\" sizes=\"(max-width: 300px) 100vw, 300px\" \/><\/noscript>\t\t\t\t\t\t\t\t\t\t\t\t\t\t\t<\/div>\n\t\t\t\t<\/div>\n\t\t\t\t\t<\/div>\n\t\t<\/div>\n\t\t\t\t<div class=\"elementor-column elementor-col-50 elementor-top-column elementor-element elementor-element-f76b182\" data-id=\"f76b182\" data-element_type=\"column\">\n\t\t\t<div class=\"elementor-widget-wrap elementor-element-populated\">\n\t\t\t\t\t\t<div class=\"elementor-element elementor-element-c739f80 elementor-widget-divider--view-line elementor-widget elementor-widget-divider\" data-id=\"c739f80\" data-element_type=\"widget\" data-widget_type=\"divider.default\">\n\t\t\t\t<div class=\"elementor-widget-container\">\n\t\t\t\t\t\t\t<div class=\"elementor-divider\">\n\t\t\t<span class=\"elementor-divider-separator\">\n\t\t\t\t\t\t<\/span>\n\t\t<\/div>\n\t\t\t\t\t\t<\/div>\n\t\t\t\t<\/div>\n\t\t\t\t<div class=\"elementor-element elementor-element-ba28134 elementor-widget elementor-widget-text-editor\" data-id=\"ba28134\" data-element_type=\"widget\" data-widget_type=\"text-editor.default\">\n\t\t\t\t<div class=\"elementor-widget-container\">\n\t\t\t\t\t\t\t\t\t<h2>FSC<sup><span style=\"font-family: Calibri, sans-serif; font-size: 11pt; color: var( --e-global-color-text ); font-weight: var( --e-global-typography-text-font-weight );\">\u00ae<\/span><\/sup><\/h2>\n<p>FSC<span style=\"font-family: Calibri, sans-serif; font-size: 11pt; color: var( --e-global-color-text ); font-weight: var( --e-global-typography-text-font-weight );\"><sup>\u00ae<\/sup><\/span> <span style=\"color: var( --e-global-color-text ); font-size: 1rem; font-weight: var( --e-global-typography-text-font-weight );\">certification seeks to encourage responsible forest management around the world.<\/span> <\/p>\n<p>Our products can be FSC<span style=\"font-family: Calibri, sans-serif; font-size: 11pt; color: var( --e-global-color-text ); font-weight: var( --e-global-typography-text-font-weight );\"><sup>\u00ae<\/sup><\/span> <span style=\"color: var( --e-global-color-text ); font-weight: var( --e-global-typography-text-font-weight ); font-size: 1rem;\">certified upon request, which means they are monitored throughout their whole processing, from origin to distribution.<\/span> <\/p>\n<p>This assures that our products are sourced from well-managed and responsibly exploited resources.<\/p>\n\t\t\t\t\t\t\t\t<\/div>\n\t\t\t\t<\/div>\n\t\t\t\t\t<\/div>\n\t\t<\/div>\n\t\t\t\t\t<\/div>\n\t\t<\/section>\n\t\t\t\t<section class=\"elementor-section elementor-top-section elementor-element elementor-element-1d4e493 elementor-section-boxed elementor-section-height-default elementor-section-height-default\" data-id=\"1d4e493\" data-element_type=\"section\">\n\t\t\t\t\t\t<div class=\"elementor-container elementor-column-gap-default\">\n\t\t\t\t\t<div class=\"elementor-column elementor-col-50 elementor-top-column elementor-element elementor-element-a978499\" data-id=\"a978499\" data-element_type=\"column\">\n\t\t\t<div class=\"elementor-widget-wrap elementor-element-populated\">\n\t\t\t\t\t\t<div class=\"elementor-element elementor-element-862f4fd elementor-widget-divider--view-line elementor-widget elementor-widget-divider\" data-id=\"862f4fd\" data-element_type=\"widget\" data-widget_type=\"divider.default\">\n\t\t\t\t<div class=\"elementor-widget-container\">\n\t\t\t\t\t\t\t<div class=\"elementor-divider\">\n\t\t\t<span class=\"elementor-divider-separator\">\n\t\t\t\t\t\t<\/span>\n\t\t<\/div>\n\t\t\t\t\t\t<\/div>\n\t\t\t\t<\/div>\n\t\t\t\t<div class=\"elementor-element elementor-element-d4ba6e9 elementor-widget elementor-widget-text-editor\" data-id=\"d4ba6e9\" data-element_type=\"widget\" data-widget_type=\"text-editor.default\">\n\t\t\t\t<div class=\"elementor-widget-container\">\n\t\t\t\t\t\t\t\t\t<h2>Bois de France<\/h2>\n<p>Cette certification vous garantie que nos produits sont issus de for\u00eats fran\u00e7aises et transform\u00e9s en France.<\/p>\n<p>In fact, our timber is sourced from Normandy forests near the Lefebvre sawmill. Nos usines de seconde transformation se situent en Seine Maritime et dans l&#8217;Aisne.<\/p>\n\t\t\t\t\t\t\t\t<\/div>\n\t\t\t\t<\/div>\n\t\t\t\t\t<\/div>\n\t\t<\/div>\n\t\t\t\t<div class=\"elementor-column elementor-col-50 elementor-top-column elementor-element elementor-element-37fa830\" data-id=\"37fa830\" data-element_type=\"column\">\n\t\t\t<div class=\"elementor-widget-wrap elementor-element-populated\">\n\t\t\t\t\t\t<div class=\"elementor-element elementor-element-b4c962a elementor-widget elementor-widget-image\" data-id=\"b4c962a\" data-element_type=\"widget\" data-widget_type=\"image.default\">\n\t\t\t\t<div class=\"elementor-widget-container\">\n\t\t\t\t\t\t\t\t\t\t\t\t\t\t\t<img decoding=\"async\" width=\"709\" height=\"811\" data-src=\"https:\/\/groupe-lefebvre.fr\/wp-content\/uploads\/2021\/02\/BLOC_VT_CMJN.png\" class=\"attachment-large size-large wp-image-11012 lazyload\" alt=\"\" data-srcset=\"https:\/\/groupe-lefebvre.fr\/wp-content\/uploads\/2021\/02\/BLOC_VT_CMJN.png 709w, https:\/\/groupe-lefebvre.fr\/wp-content\/uploads\/2021\/02\/BLOC_VT_CMJN-262x300.png 262w\" data-sizes=\"(max-width: 709px) 100vw, 709px\" src=\"data:image\/gif;base64,R0lGODlhAQABAAAAACH5BAEKAAEALAAAAAABAAEAAAICTAEAOw==\" style=\"--smush-placeholder-width: 709px; --smush-placeholder-aspect-ratio: 709\/811;\" \/><noscript><img decoding=\"async\" width=\"709\" height=\"811\" src=\"https:\/\/groupe-lefebvre.fr\/wp-content\/uploads\/2021\/02\/BLOC_VT_CMJN.png\" class=\"attachment-large size-large wp-image-11012\" alt=\"\" srcset=\"https:\/\/groupe-lefebvre.fr\/wp-content\/uploads\/2021\/02\/BLOC_VT_CMJN.png 709w, https:\/\/groupe-lefebvre.fr\/wp-content\/uploads\/2021\/02\/BLOC_VT_CMJN-262x300.png 262w\" sizes=\"(max-width: 709px) 100vw, 709px\" \/><\/noscript>\t\t\t\t\t\t\t\t\t\t\t\t\t\t\t<\/div>\n\t\t\t\t<\/div>\n\t\t\t\t\t<\/div>\n\t\t<\/div>\n\t\t\t\t\t<\/div>\n\t\t<\/section>\n\t\t\t\t<\/div>\n\t\t","protected":false},"excerpt":{"rendered":"<p>Our dedication For decades, the LEFEBVRE GROUP has produced beech-based products that come from forests managed in a responsible manner. We put stringent requirements on ourselves and are audited on a regular basis. We ensure that sustainable forest practices are in place to balance the social, environmental and economic functions of the forest. 100% of [&hellip;]<\/p>\n","protected":false},"author":7,"featured_media":11000,"parent":0,"menu_order":0,"comment_status":"closed","ping_status":"closed","template":"","meta":{"_acf_changed":false,"footnotes":""},"acf":[],"yoast_head":"<!-- This site is optimized with the Yoast SEO plugin v24.5 - https:\/\/yoast.com\/wordpress\/plugins\/seo\/ -->\n<title>Our certificates - Groupe Lefebvre<\/title>\n<meta name=\"robots\" content=\"index, follow, max-snippet:-1, max-image-preview:large, max-video-preview:-1\" \/>\n<link rel=\"canonical\" href=\"https:\/\/groupe-lefebvre.fr\/en\/our-certificates\/\" \/>\n<meta property=\"og:locale\" content=\"en_US\" \/>\n<meta property=\"og:type\" content=\"article\" \/>\n<meta property=\"og:title\" content=\"Our certificates - Groupe Lefebvre\" \/>\n<meta property=\"og:description\" content=\"Our dedication For decades, the LEFEBVRE GROUP has produced beech-based products that come from forests managed in a responsible manner. We put stringent requirements on ourselves and are audited on a regular basis. We ensure that sustainable forest practices are in place to balance the social, environmental and economic functions of the forest. 100% of [&hellip;]\" \/>\n<meta property=\"og:url\" content=\"https:\/\/groupe-lefebvre.fr\/en\/our-certificates\/\" \/>\n<meta property=\"og:site_name\" content=\"Groupe Lefebvre\" \/>\n<meta property=\"article:modified_time\" content=\"2024-01-09T13:09:22+00:00\" \/>\n<meta property=\"og:image\" content=\"https:\/\/www.groupe-lefebvre.fr\/wp-content\/uploads\/2021\/02\/trees-5605176_1920.jpg\" \/>\n\t<meta property=\"og:image:width\" content=\"1920\" \/>\n\t<meta property=\"og:image:height\" content=\"1280\" \/>\n\t<meta property=\"og:image:type\" content=\"image\/jpeg\" \/>\n<meta name=\"twitter:card\" content=\"summary_large_image\" \/>\n<meta name=\"twitter:label1\" content=\"Est. reading time\" \/>\n\t<meta name=\"twitter:data1\" content=\"1 minute\" \/>\n<script type=\"application\/ld+json\" class=\"yoast-schema-graph\">{\"@context\":\"https:\/\/schema.org\",\"@graph\":[{\"@type\":\"WebPage\",\"@id\":\"https:\/\/groupe-lefebvre.fr\/en\/our-certificates\/\",\"url\":\"https:\/\/groupe-lefebvre.fr\/en\/our-certificates\/\",\"name\":\"Our certificates - Groupe Lefebvre\",\"isPartOf\":{\"@id\":\"https:\/\/groupe-lefebvre.fr\/en\/#website\"},\"primaryImageOfPage\":{\"@id\":\"https:\/\/groupe-lefebvre.fr\/en\/our-certificates\/#primaryimage\"},\"image\":{\"@id\":\"https:\/\/groupe-lefebvre.fr\/en\/our-certificates\/#primaryimage\"},\"thumbnailUrl\":\"https:\/\/groupe-lefebvre.fr\/wp-content\/uploads\/2021\/02\/trees-5605176_1920.jpg\",\"datePublished\":\"2021-02-24T09:57:12+00:00\",\"dateModified\":\"2024-01-09T13:09:22+00:00\",\"breadcrumb\":{\"@id\":\"https:\/\/groupe-lefebvre.fr\/en\/our-certificates\/#breadcrumb\"},\"inLanguage\":\"en-US\",\"potentialAction\":[{\"@type\":\"ReadAction\",\"target\":[\"https:\/\/groupe-lefebvre.fr\/en\/our-certificates\/\"]}]},{\"@type\":\"ImageObject\",\"inLanguage\":\"en-US\",\"@id\":\"https:\/\/groupe-lefebvre.fr\/en\/our-certificates\/#primaryimage\",\"url\":\"https:\/\/groupe-lefebvre.fr\/wp-content\/uploads\/2021\/02\/trees-5605176_1920.jpg\",\"contentUrl\":\"https:\/\/groupe-lefebvre.fr\/wp-content\/uploads\/2021\/02\/trees-5605176_1920.jpg\",\"width\":1920,\"height\":1280},{\"@type\":\"BreadcrumbList\",\"@id\":\"https:\/\/groupe-lefebvre.fr\/en\/our-certificates\/#breadcrumb\",\"itemListElement\":[{\"@type\":\"ListItem\",\"position\":1,\"name\":\"Accueil\",\"item\":\"https:\/\/www.groupe-lefebvre.fr\/en\/\"},{\"@type\":\"ListItem\",\"position\":2,\"name\":\"Our certificates\"}]},{\"@type\":\"WebSite\",\"@id\":\"https:\/\/groupe-lefebvre.fr\/en\/#website\",\"url\":\"https:\/\/groupe-lefebvre.fr\/en\/\",\"name\":\"Groupe Lefebvre\",\"description\":\"Le h\u00eatre : une passion, un savoir-faire\",\"potentialAction\":[{\"@type\":\"SearchAction\",\"target\":{\"@type\":\"EntryPoint\",\"urlTemplate\":\"https:\/\/groupe-lefebvre.fr\/en\/?s={search_term_string}\"},\"query-input\":{\"@type\":\"PropertyValueSpecification\",\"valueRequired\":true,\"valueName\":\"search_term_string\"}}],\"inLanguage\":\"en-US\"}]}<\/script>\n<!-- \/ Yoast SEO plugin. -->","yoast_head_json":{"title":"Our certificates - Groupe Lefebvre","robots":{"index":"index","follow":"follow","max-snippet":"max-snippet:-1","max-image-preview":"max-image-preview:large","max-video-preview":"max-video-preview:-1"},"canonical":"https:\/\/groupe-lefebvre.fr\/en\/our-certificates\/","og_locale":"en_US","og_type":"article","og_title":"Our certificates - Groupe Lefebvre","og_description":"Our dedication For decades, the LEFEBVRE GROUP has produced beech-based products that come from forests managed in a responsible manner. We put stringent requirements on ourselves and are audited on a regular basis. We ensure that sustainable forest practices are in place to balance the social, environmental and economic functions of the forest. 100% of [&hellip;]","og_url":"https:\/\/groupe-lefebvre.fr\/en\/our-certificates\/","og_site_name":"Groupe Lefebvre","article_modified_time":"2024-01-09T13:09:22+00:00","og_image":[{"width":1920,"height":1280,"url":"https:\/\/www.groupe-lefebvre.fr\/wp-content\/uploads\/2021\/02\/trees-5605176_1920.jpg","type":"image\/jpeg"}],"twitter_card":"summary_large_image","twitter_misc":{"Est. reading time":"1 minute"},"schema":{"@context":"https:\/\/schema.org","@graph":[{"@type":"WebPage","@id":"https:\/\/groupe-lefebvre.fr\/en\/our-certificates\/","url":"https:\/\/groupe-lefebvre.fr\/en\/our-certificates\/","name":"Our certificates - Groupe Lefebvre","isPartOf":{"@id":"https:\/\/groupe-lefebvre.fr\/en\/#website"},"primaryImageOfPage":{"@id":"https:\/\/groupe-lefebvre.fr\/en\/our-certificates\/#primaryimage"},"image":{"@id":"https:\/\/groupe-lefebvre.fr\/en\/our-certificates\/#primaryimage"},"thumbnailUrl":"https:\/\/groupe-lefebvre.fr\/wp-content\/uploads\/2021\/02\/trees-5605176_1920.jpg","datePublished":"2021-02-24T09:57:12+00:00","dateModified":"2024-01-09T13:09:22+00:00","breadcrumb":{"@id":"https:\/\/groupe-lefebvre.fr\/en\/our-certificates\/#breadcrumb"},"inLanguage":"en-US","potentialAction":[{"@type":"ReadAction","target":["https:\/\/groupe-lefebvre.fr\/en\/our-certificates\/"]}]},{"@type":"ImageObject","inLanguage":"en-US","@id":"https:\/\/groupe-lefebvre.fr\/en\/our-certificates\/#primaryimage","url":"https:\/\/groupe-lefebvre.fr\/wp-content\/uploads\/2021\/02\/trees-5605176_1920.jpg","contentUrl":"https:\/\/groupe-lefebvre.fr\/wp-content\/uploads\/2021\/02\/trees-5605176_1920.jpg","width":1920,"height":1280},{"@type":"BreadcrumbList","@id":"https:\/\/groupe-lefebvre.fr\/en\/our-certificates\/#breadcrumb","itemListElement":[{"@type":"ListItem","position":1,"name":"Accueil","item":"https:\/\/www.groupe-lefebvre.fr\/en\/"},{"@type":"ListItem","position":2,"name":"Our certificates"}]},{"@type":"WebSite","@id":"https:\/\/groupe-lefebvre.fr\/en\/#website","url":"https:\/\/groupe-lefebvre.fr\/en\/","name":"Groupe Lefebvre","description":"Le h\u00eatre : une passion, un savoir-faire","potentialAction":[{"@type":"SearchAction","target":{"@type":"EntryPoint","urlTemplate":"https:\/\/groupe-lefebvre.fr\/en\/?s={search_term_string}"},"query-input":{"@type":"PropertyValueSpecification","valueRequired":true,"valueName":"search_term_string"}}],"inLanguage":"en-US"}]}},"_links":{"self":[{"href":"https:\/\/groupe-lefebvre.fr\/en\/wp-json\/wp\/v2\/pages\/11378"}],"collection":[{"href":"https:\/\/groupe-lefebvre.fr\/en\/wp-json\/wp\/v2\/pages"}],"about":[{"href":"https:\/\/groupe-lefebvre.fr\/en\/wp-json\/wp\/v2\/types\/page"}],"author":[{"embeddable":true,"href":"https:\/\/groupe-lefebvre.fr\/en\/wp-json\/wp\/v2\/users\/7"}],"replies":[{"embeddable":true,"href":"https:\/\/groupe-lefebvre.fr\/en\/wp-json\/wp\/v2\/comments?post=11378"}],"version-history":[{"count":3,"href":"https:\/\/groupe-lefebvre.fr\/en\/wp-json\/wp\/v2\/pages\/11378\/revisions"}],"predecessor-version":[{"id":37172,"href":"https:\/\/groupe-lefebvre.fr\/en\/wp-json\/wp\/v2\/pages\/11378\/revisions\/37172"}],"wp:featuredmedia":[{"embeddable":true,"href":"https:\/\/groupe-lefebvre.fr\/en\/wp-json\/wp\/v2\/media\/11000"}],"wp:attachment":[{"href":"https:\/\/groupe-lefebvre.fr\/en\/wp-json\/wp\/v2\/media?parent=11378"}],"curies":[{"name":"wp","href":"https:\/\/api.w.org\/{rel}","templated":true}]}}